{"id":609,"date":"2023-11-01T18:35:14","date_gmt":"2023-11-01T11:35:14","guid":{"rendered":"https:\/\/jam.migi.vn\/?post_type=product&#038;p=609"},"modified":"2023-11-24T10:44:28","modified_gmt":"2023-11-24T03:44:28","slug":"giay-double-monstrak-auguris-p30-b603","status":"publish","type":"product","link":"https:\/\/dahand.themedep.top\/?product=giay-double-monstrak-auguris-p30-b603","title":{"rendered":"Gi\u00e0y Double Monstrak Auguris P30-B603"},"content":{"rendered":"<p>Gi\u00e0y t\u00e2y nam da th\u1eadt<br \/>\nKi\u1ec3u d\u00e1ng Oxford bu\u1ed9c d\u00e2y<br \/>\nM\u0169i gi\u00e0y nh\u1ecdn sang tr\u1ecdng t\u1ea1o c\u1ea3m gi\u00e1c g\u1ecdn v\u00e0 d\u00e0i cho \u0111\u00f4i ch\u00e2n<br \/>\n\u0110\u1ebf cao, l\u00f3t cao su ch\u1ed1ng tr\u01a1n tr\u01b0\u1ee3t<br \/>\nM\u00e0u s\u1eafc: \u0110en<br \/>\nPh\u1ed1i \u0111\u1ed3: D\u1ec5 d\u00e0ng ph\u1ed1i c\u00f9ng nhi\u1ec1u lo\u1ea1i trang ph\u1ee5c n\u01a1i c\u00f4ng s\u1edf<\/p>\n<p><iframe loading=\"lazy\" title=\"Nh\u1ea1c Chill TikTok 2023 - Nh\u1eefng B\u1ea3n Lofi Mix Chill Nh\u1eb9 Nh\u00e0ng C\u1ef1c Hay - Lofi G\u00e2y Nghi\u1ec7n Hay Nh\u1ea5t\" width=\"1020\" height=\"574\" src=\"https:\/\/www.youtube.com\/embed\/P5MLRJnM_p8?feature=oembed\" frameborder=\"0\" allow=\"accelerometer; autoplay; clipboard-write; encrypted-media; gyroscope; picture-in-picture; web-share\" allowfullscreen><\/iframe><\/p>\n","protected":false},"excerpt":{"rendered":"<p><strong>Ki\u1ec3u d\u00e1ng:<\/strong> Gi\u00e0y Double Monstrak m\u00e0u xanh Navy<\/p>\n<p><strong>Thi\u1ebft k\u1ebf:<\/strong> L\u1ecbch l\u00e3m, sang tr\u1ecdng<\/p>\n<p><strong>Ch\u1ea5t li\u1ec7u:<\/strong> Da b\u00ea nh\u1eadp kh\u1ea9u \u00dd cao c\u1ea5p<\/p>\n<p><strong>M\u00e0u s\u1eafc:<\/strong> Xanh Navy<\/p>\n<p>S\u1ea3n xu\u1ea5t t\u1ea1i \u0110\u1ed3 da JAM<\/p>\n","protected":false},"featured_media":823,"comment_status":"open","ping_status":"closed","template":"","meta":[],"product_cat":[22,24],"product_tag":[],"class_list":{"0":"post-609","1":"product","2":"type-product","3":"status-publish","4":"has-post-thumbnail","6":"product_cat-giay-da-nam","7":"product_cat-giay-tay-nam","8":"pa_size-46","9":"pa_size-47","10":"pa_size-48","11":"pa_size-49","12":"pa_size-50","13":"pa_size-51","14":"pa_size-52","16":"first","17":"instock","18":"shipping-taxable","19":"purchasable","20":"product-type-variable"},"_links":{"self":[{"href":"https:\/\/dahand.themedep.top\/index.php?rest_route=\/wp\/v2\/product\/609","targetHints":{"allow":["GET"]}}],"collection":[{"href":"https:\/\/dahand.themedep.top\/index.php?rest_route=\/wp\/v2\/product"}],"about":[{"href":"https:\/\/dahand.themedep.top\/index.php?rest_route=\/wp\/v2\/types\/product"}],"replies":[{"embeddable":true,"href":"https:\/\/dahand.themedep.top\/index.php?rest_route=%2Fwp%2Fv2%2Fcomments&post=609"}],"wp:featuredmedia":[{"embeddable":true,"href":"https:\/\/dahand.themedep.top\/index.php?rest_route=\/wp\/v2\/media\/823"}],"wp:attachment":[{"href":"https:\/\/dahand.themedep.top\/index.php?rest_route=%2Fwp%2Fv2%2Fmedia&parent=609"}],"wp:term":[{"taxonomy":"product_cat","embeddable":true,"href":"https:\/\/dahand.themedep.top\/index.php?rest_route=%2Fwp%2Fv2%2Fproduct_cat&post=609"},{"taxonomy":"product_tag","embeddable":true,"href":"https:\/\/dahand.themedep.top\/index.php?rest_route=%2Fwp%2Fv2%2Fproduct_tag&post=609"}],"curies":[{"name":"wp","href":"https:\/\/api.w.org\/{rel}","templated":true}]}}